{"id":5485,"date":"2022-03-14T15:31:24","date_gmt":"2022-03-14T15:31:24","guid":{"rendered":"https:\/\/cliniqueelhadjomar.com\/?page_id=5485"},"modified":"2022-11-01T03:52:35","modified_gmt":"2022-11-01T03:52:35","slug":"notre-histoire","status":"publish","type":"page","link":"https:\/\/cliniqueelhadjomar.com\/index.php\/notre-histoire\/","title":{"rendered":"Notre histoire"},"content":{"rendered":"\n<p><strong><em>Historique de L\u2019entreprise<br><\/em><\/strong>La Clinique El hadji Omar est une SUARL cr\u00e9\u00e9e en 1976 pr le Dr Mame Ndella SALL. Elle fait partie des premi\u00e8res cliniques g\u00e9r\u00e9es par des m\u00e9decins s\u00e9n\u00e9galais et elle intervient dans la prise en charge de toutes les maladies en g\u00e9n\u00e9ral.<br><br>La clinique a \u00e9t\u00e9 reprise en 2002 par le Dr Seynabou BA sp\u00e9cialiste en chirurgie g\u00e9n\u00e9rale qui a entrepris depuis un important programme de modernisation. Ainsi des \u00e9quipements et appareils nouveaux sont r\u00e9guli\u00e8rement acquis et des \u00e9quipes de m\u00e9decins et infirmiers de diff\u00e9rentes sp\u00e9cialit\u00e9s sont attach\u00e9es \u00e0 la clinique. Enfin, Dr Ba a r\u00e9alis\u00e9 sur le m\u00eame site un immeuble neuf avec toutes les commodit\u00e9s dans lequel la clinique a am\u00e9nag\u00e9 d\u00e9but novembre 2022.<\/p>\n\n\n\n<p><strong><em>Principales prestations de services<br><\/em><\/strong>La Clinique El Hadji Omar est en mesure de fournir dans ses nouvelles installations des prestations de grande qualit\u00e9 dans un environnement confortable et s\u00e9curis\u00e9. La structure a une expertise reconnue dans la prise en charge globale des maladies li\u00e9es \u00e0 la gyn\u00e9cologie, \u00e0 l\u2019appareil digestif et aux soins de chirurgie g\u00e9n\u00e9rale. Elle intervient \u00e9galement dans les sp\u00e9cialit\u00e9s m\u00e9dicales suivantes:<\/p>\n\n\n\n<ul class=\"wp-block-list\"><li>M\u00e9decine g\u00e9n\u00e9rale<\/li><li>La dermatologie<\/li><li>L\u2019H\u00e9pato-Gastro-ent\u00e9rologie<\/li><li>La proctologie<\/li><li>La n\u00e9phrologie<\/li><li>La fibroscopie digestive<\/li><li>La p\u00e9diatrie<\/li><\/ul>\n\n\n\n<p><\/p>\n","protected":false},"excerpt":{"rendered":"<p>Historique de L\u2019entrepriseLa Clinique El hadji Omar est une SUARL cr\u00e9\u00e9e en 1976 pr le Dr Mame Ndella SALL. Elle fait partie des premi\u00e8res cliniques g\u00e9r\u00e9es par des m\u00e9decins s\u00e9n\u00e9galais et elle intervient dans la prise en charge de toutes les maladies en g\u00e9n\u00e9ral. La clinique a \u00e9t\u00e9 reprise en 2002 par le Dr Seynabou&#8230;<\/p>\n","protected":false},"author":1,"featured_media":0,"parent":0,"menu_order":0,"comment_status":"closed","ping_status":"closed","template":"","meta":{"footnotes":""},"class_list":["post-5485","page","type-page","status-publish","hentry"],"_links":{"self":[{"href":"https:\/\/cliniqueelhadjomar.com\/index.php\/wp-json\/wp\/v2\/pages\/5485","targetHints":{"allow":["GET"]}}],"collection":[{"href":"https:\/\/cliniqueelhadjomar.com\/index.php\/wp-json\/wp\/v2\/pages"}],"about":[{"href":"https:\/\/cliniqueelhadjomar.com\/index.php\/wp-json\/wp\/v2\/types\/page"}],"author":[{"embeddable":true,"href":"https:\/\/cliniqueelhadjomar.com\/index.php\/wp-json\/wp\/v2\/users\/1"}],"replies":[{"embeddable":true,"href":"https:\/\/cliniqueelhadjomar.com\/index.php\/wp-json\/wp\/v2\/comments?post=5485"}],"version-history":[{"count":3,"href":"https:\/\/cliniqueelhadjomar.com\/index.php\/wp-json\/wp\/v2\/pages\/5485\/revisions"}],"predecessor-version":[{"id":5582,"href":"https:\/\/cliniqueelhadjomar.com\/index.php\/wp-json\/wp\/v2\/pages\/5485\/revisions\/5582"}],"wp:attachment":[{"href":"https:\/\/cliniqueelhadjomar.com\/index.php\/wp-json\/wp\/v2\/media?parent=5485"}],"curies":[{"name":"wp","href":"https:\/\/api.w.org\/{rel}","templated":true}]}}